{"id":3641,"date":"2024-04-04T06:16:40","date_gmt":"2024-04-04T06:16:40","guid":{"rendered":"https:\/\/www.orionsutures.com\/?page_id=3641"},"modified":"2024-05-17T08:46:23","modified_gmt":"2024-05-17T08:46:23","slug":"distribution","status":"publish","type":"page","link":"https:\/\/www.orionsutures.com\/es\/distribution\/","title":{"rendered":"Distribuci\u00f3n"},"content":{"rendered":"<div data-elementor-type=\"wp-page\" data-elementor-id=\"3641\" class=\"elementor elementor-3641\">\n\t\t\t\t\t\t<section class=\"elementor-section elementor-top-section elementor-element elementor-element-835c00d elementor-section-boxed elementor-section-height-default elementor-section-height-default wpr-particle-no wpr-jarallax-no wpr-parallax-no wpr-sticky-section-no wpr-equal-height-no\" data-id=\"835c00d\" data-element_type=\"section\" data-e-type=\"section\">\n\t\t\t\t\t\t<div class=\"elementor-container elementor-column-gap-default\">\n\t\t\t\t\t<div class=\"elementor-column elementor-col-100 elementor-top-column elementor-element elementor-element-d7ed121\" data-id=\"d7ed121\" data-element_type=\"column\" data-e-type=\"column\">\n\t\t\t<div class=\"elementor-widget-wrap elementor-element-populated\">\n\t\t\t\t\t\t<div class=\"elementor-element elementor-element-9139fcb elementor-widget elementor-widget-heading\" data-id=\"9139fcb\" data-element_type=\"widget\" data-e-type=\"widget\" data-widget_type=\"heading.default\">\n\t\t\t\t<div class=\"elementor-widget-container\">\n\t\t\t\t\t<h2 class=\"elementor-heading-title elementor-size-default\">Distribuci\u00f3n\n<\/h2>\t\t\t\t<\/div>\n\t\t\t\t<\/div>\n\t\t\t\t<section class=\"elementor-section elementor-inner-section elementor-element elementor-element-11a6788 elementor-section-boxed elementor-section-height-default elementor-section-height-default wpr-particle-no wpr-jarallax-no wpr-parallax-no wpr-sticky-section-no wpr-equal-height-no\" data-id=\"11a6788\" data-element_type=\"section\" data-e-type=\"section\">\n\t\t\t\t\t\t<div class=\"elementor-container elementor-column-gap-default\">\n\t\t\t\t\t<div class=\"elementor-column elementor-col-50 elementor-inner-column elementor-element elementor-element-f71b353\" data-id=\"f71b353\" data-element_type=\"column\" data-e-type=\"column\">\n\t\t\t<div class=\"elementor-widget-wrap elementor-element-populated\">\n\t\t\t\t\t\t<div class=\"elementor-element elementor-element-8057a11 elementor-widget__width-initial elementor-widget elementor-widget-text-editor\" data-id=\"8057a11\" data-element_type=\"widget\" data-e-type=\"widget\" data-widget_type=\"text-editor.default\">\n\t\t\t\t<div class=\"elementor-widget-container\">\n\t\t\t\t\t\t\t\t\t<p>Si usted es Importador, Exportador, Distribuidor o usuario de Suturas Quir\u00fargicas, Malla de Polipropileno, Bonewax, Kits de Sutura seg\u00fan sus necesidades y est\u00e1 interesado en tratar con nosotros, p\u00f3ngase en contacto con nosotros para cualquier informaci\u00f3n relativa al uso de productos, registro de productos y comercializaci\u00f3n de nuestros productos en su zona o regi\u00f3n elegida con Exclusividad.<\/p>\n<p><\/p>\n<p>Tambi\u00e9n proporcionamos informaci\u00f3n de marketing y detalles sobre el uso de los productos a nuestros socios, lo que les ayuda sugiri\u00e9ndoles que ofrezcan los productos adecuados a los usuarios finales.&nbsp; &nbsp;&nbsp;<\/p>\n<p><\/p>\t\t\t\t\t\t\t\t<\/div>\n\t\t\t\t<\/div>\n\t\t\t\t\t<\/div>\n\t\t<\/div>\n\t\t\t\t<div class=\"elementor-column elementor-col-50 elementor-inner-column elementor-element elementor-element-ef3edd6\" data-id=\"ef3edd6\" data-element_type=\"column\" data-e-type=\"column\">\n\t\t\t<div class=\"elementor-widget-wrap elementor-element-populated\">\n\t\t\t\t\t\t<div class=\"elementor-element elementor-element-b247a5c elementor-widget elementor-widget-image\" data-id=\"b247a5c\" data-element_type=\"widget\" data-e-type=\"widget\" data-widget_type=\"image.default\">\n\t\t\t\t<div class=\"elementor-widget-container\">\n\t\t\t\t\t\t\t\t\t\t\t\t\t\t\t<img fetchpriority=\"high\" decoding=\"async\" width=\"1024\" height=\"546\" src=\"https:\/\/www.orionsutures.com\/wp-content\/uploads\/2021\/09\/map-1024x546.jpg\" class=\"attachment-large size-large wp-image-1211\" alt=\"Distribuci\u00f3n\" srcset=\"https:\/\/www.orionsutures.com\/wp-content\/uploads\/2021\/09\/map-1024x546.jpg 1024w, https:\/\/www.orionsutures.com\/wp-content\/uploads\/2021\/09\/map-300x160.jpg 300w, https:\/\/www.orionsutures.com\/wp-content\/uploads\/2021\/09\/map-768x409.jpg 768w, https:\/\/www.orionsutures.com\/wp-content\/uploads\/2021\/09\/map-18x10.jpg 18w, https:\/\/www.orionsutures.com\/wp-content\/uploads\/2021\/09\/map.jpg 1366w\" sizes=\"(max-width: 1024px) 100vw, 1024px\" \/>\t\t\t\t\t\t\t\t\t\t\t\t\t\t\t<\/div>\n\t\t\t\t<\/div>\n\t\t\t\t\t<\/div>\n\t\t<\/div>\n\t\t\t\t\t<\/div>\n\t\t<\/section>\n\t\t\t\t<div class=\"elementor-element elementor-element-365c222 elementor-widget__width-initial elementor-widget elementor-widget-text-editor\" data-id=\"365c222\" data-element_type=\"widget\" data-e-type=\"widget\" data-widget_type=\"text-editor.default\">\n\t\t\t\t<div class=\"elementor-widget-container\">\n\t\t\t\t\t\t\t\t\tServimos a nuestros clientes a trav\u00e9s de la red de distribuidores en todo el pa\u00eds en sustancialmente todos los estados de la India, Tambi\u00e9n suministramos nuestros productos a muchos exportadores de comerciantes en toda la India. Desde el a\u00f1o 2000, hemos estado exportando nuestros productos con distribuidores exclusivos en m\u00e1s de 61 pa\u00edses, incluyendo Inglaterra, Italia, Bulgaria, Hungr\u00eda, Kenia, Sud\u00e1frica, Turqu\u00eda, Irak, Guinea, Guatemala, Namibia, Marruecos, Irak, Bangladesh, Vietnam, Filipinas, Sri Lanka, Nepal, But\u00e1n, Sri Lanka, Myanmar, EAU, Qatar, Oriente Medio, Nigeria, Burkina Faso, Uganda, Pap\u00faa Nueva Guinea, Sud\u00e1n, Zimbabue, Kuwait, Somalia, Cota D Ivoire, Indonesia, y seguimos expandi\u00e9ndonos.\n\nSiempre estamos abiertos a la colaboraci\u00f3n con nosotros para ampliar nuestra presencia en su regi\u00f3n, para trabajar juntos como un equipo y tener mutuamente beneficiosa asociaci\u00f3n de negocios a largo plazo.\n\nSi necesita muestras para su evaluaci\u00f3n, p\u00f3ngase en contacto con nosotros y hablaremos de ello.\t\t\t\t\t\t\t\t<\/div>\n\t\t\t\t<\/div>\n\t\t\t\t\t<\/div>\n\t\t<\/div>\n\t\t\t\t\t<\/div>\n\t\t<\/section>\n\t\t\t\t<\/div>","protected":false},"excerpt":{"rendered":"<p>Distribution If you are an Importer, Exporter, Distributor or user of Surgical Sutures, Polypropylene Mesh, Bonewax, Suture kits as per requirement and interested in dealing with us then please get in touch with us for any information regarding the use of products, product registration and marketing our products in your chosen area or region with Exclusivity. We also provide marketing information and product usage details to our Partners which helps them by suggesting them to offer the right products to the end users.&nbsp; &nbsp;&nbsp; We serve our customers through dealer network across the country in substantially every state in India, Also supply our products to many Merchant Exporters across India. Since the year 2000, we have been Exporting our products with Exclusive Distributors in over 61+ countries including England, Italy, Bulgaria, Hungary, Kenya, South Africa, Turkey, Iraq, Guinea, Guatemala, Namibia, Morocco, Iraq, Bangladesh, Vietnam, Philippines, Sri Lanka, Nepal, Bhutan, Sri Lanka, Myanmar, UAE, Qatar, Middle East, Nigeria, Burkina Faso, Uganda, Papua New Guinea, Sudan, Zimbabwe, Kuwait, Somalia, Cota D Ivoire, Indonesia, and we are still expanding. We are always open for collaboration to us to expand our presence in your region, to work together as one team and have mutually beneficial long time business association. If you need any samples for Evaluation, kindly get in touch now and we can discuss.<\/p>","protected":false},"author":1,"featured_media":0,"parent":0,"menu_order":0,"comment_status":"closed","ping_status":"closed","template":"elementor_header_footer","meta":{"site-sidebar-layout":"default","site-content-layout":"","ast-site-content-layout":"default","site-content-style":"default","site-sidebar-style":"default","ast-global-header-display":"","ast-banner-title-visibility":"","ast-main-header-display":"","ast-hfb-above-header-display":"","ast-hfb-below-header-display":"","ast-hfb-mobile-header-display":"","site-post-title":"","ast-breadcrumbs-content":"","ast-featured-img":"","footer-sml-layout":"","ast-disable-related-posts":"","theme-transparent-header-meta":"default","adv-header-id-meta":"","stick-header-meta":"","header-above-stick-meta":"","header-main-stick-meta":"","header-below-stick-meta":"","astra-migrate-meta-layouts":"set","ast-page-background-enabled":"default","ast-page-background-meta":{"desktop":{"background-color":"var(--ast-global-color-4)","background-image":"","background-repeat":"repeat","background-position":"center center","background-size":"auto","background-attachment":"scroll","background-type":"","background-media":"","overlay-type":"","overlay-color":"","overlay-opacity":"","overlay-gradient":""},"tablet":{"background-color":"","background-image":"","background-repeat":"repeat","background-position":"center center","background-size":"auto","background-attachment":"scroll","background-type":"","background-media":"","overlay-type":"","overlay-color":"","overlay-opacity":"","overlay-gradient":""},"mobile":{"background-color":"","background-image":"","background-repeat":"repeat","background-position":"center center","background-size":"auto","background-attachment":"scroll","background-type":"","background-media":"","overlay-type":"","overlay-color":"","overlay-opacity":"","overlay-gradient":""}},"ast-content-background-meta":{"desktop":{"background-color":"var(--ast-global-color-5)","background-image":"","background-repeat":"repeat","background-position":"center center","background-size":"auto","background-attachment":"scroll","background-type":"","background-media":"","overlay-type":"","overlay-color":"","overlay-opacity":"","overlay-gradient":""},"tablet":{"background-color":"var(--ast-global-color-5)","background-image":"","background-repeat":"repeat","background-position":"center center","background-size":"auto","background-attachment":"scroll","background-type":"","background-media":"","overlay-type":"","overlay-color":"","overlay-opacity":"","overlay-gradient":""},"mobile":{"background-color":"var(--ast-global-color-5)","background-image":"","background-repeat":"repeat","background-position":"center center","background-size":"auto","background-attachment":"scroll","background-type":"","background-media":"","overlay-type":"","overlay-color":"","overlay-opacity":"","overlay-gradient":""}},"footnotes":""},"class_list":["post-3641","page","type-page","status-publish","hentry"],"_links":{"self":[{"href":"https:\/\/www.orionsutures.com\/es\/wp-json\/wp\/v2\/pages\/3641","targetHints":{"allow":["GET"]}}],"collection":[{"href":"https:\/\/www.orionsutures.com\/es\/wp-json\/wp\/v2\/pages"}],"about":[{"href":"https:\/\/www.orionsutures.com\/es\/wp-json\/wp\/v2\/types\/page"}],"author":[{"embeddable":true,"href":"https:\/\/www.orionsutures.com\/es\/wp-json\/wp\/v2\/users\/1"}],"replies":[{"embeddable":true,"href":"https:\/\/www.orionsutures.com\/es\/wp-json\/wp\/v2\/comments?post=3641"}],"version-history":[{"count":23,"href":"https:\/\/www.orionsutures.com\/es\/wp-json\/wp\/v2\/pages\/3641\/revisions"}],"predecessor-version":[{"id":5941,"href":"https:\/\/www.orionsutures.com\/es\/wp-json\/wp\/v2\/pages\/3641\/revisions\/5941"}],"wp:attachment":[{"href":"https:\/\/www.orionsutures.com\/es\/wp-json\/wp\/v2\/media?parent=3641"}],"curies":[{"name":"wp","href":"https:\/\/api.w.org\/{rel}","templated":true}]}}